{"id":83,"date":"2021-12-01T08:53:37","date_gmt":"2021-12-01T08:53:37","guid":{"rendered":"https:\/\/gtctesa.wordpress.com\/?page_id=83"},"modified":"2021-12-10T07:43:39","modified_gmt":"2021-12-10T07:43:39","slug":"83-2","status":"publish","type":"page","link":"https:\/\/gtc-tesa.com\/","title":{"rendered":""},"content":{"rendered":"\n<div class=\"wp-block-cover alignfull has-background-dim-40 has-background-dim has-background-gradient is-light\" style=\"min-height:413px;aspect-ratio:unset;\"><span aria-hidden=\"true\" class=\"wp-block-cover__gradient-background\" style=\"background:linear-gradient(135deg,rgb(16,16,219) 0%,rgb(2,13,33) 100%)\"><\/span><img decoding=\"async\" class=\"wp-block-cover__image-background wp-image-190\" alt=\"\" src=\"https:\/\/gtctesa.files.wordpress.com\/2021\/12\/dsc8899.jpg\" style=\"object-position:100% 36%\" data-object-fit=\"cover\" data-object-position=\"100% 36%\"\/><div class=\"wp-block-cover__inner-container is-layout-flow wp-block-cover-is-layout-flow\">\n<h1 class=\"has-background-color has-text-color wp-block-heading\" id=\"gtc-tesa\">GTC TESA<\/h1>\n\n\n\n<p class=\"has-text-align-right has-background-color has-text-color has-large-font-size\">Grupo tecnol\u00f3gico canario presente en los sectores de inmobiliaria y servicios integrales. <\/p>\n\n\n\n<p class=\"has-text-align-right has-background-color has-text-color has-large-font-size\">37 a\u00f1os de experiencia garantizan nuestro buen hacer en todos los sectores en los que actuamos.<\/p>\n<\/div><\/div>\n\n\n\n<div style=\"height:102px\" aria-hidden=\"true\" class=\"wp-block-spacer\"><\/div>\n\n\n\n<div class=\"wp-block-image is-style-default\"><figure class=\"aligncenter size-large is-resized\"><img loading=\"lazy\" decoding=\"async\" src=\"https:\/\/gtctesa.files.wordpress.com\/2021\/12\/logo-solo.jpg?w=212\" alt=\"\" class=\"wp-image-212\" width=\"167\" height=\"96\"\/><\/figure><\/div>\n\n\n\n<blockquote class=\"wp-block-quote has-text-align-center is-style-default is-layout-flow wp-block-quote-is-layout-flow\" id=\"en-de-primero-postre-quiero-compartir-mis-platos-favoritos-con-todo-el-mundo-1\"><p><em>GTC Tesa es un grupo empresarial familiar que, desde 1984, act\u00faa principalmente en la regi\u00f3n canaria, dando una atenci\u00f3n personalizada a todos nuestros clientes con los procedimientos m\u00e1s innovadores y el personal m\u00e1s cualificado para cada situaci\u00f3n.<\/em><\/p><\/blockquote>\n\n\n\n<div style=\"height:32px\" aria-hidden=\"true\" class=\"wp-block-spacer\"><\/div>\n\n\n\n<div class=\"wp-block-group alignfull has-background-background-color has-background\"><div class=\"wp-block-group__inner-container is-layout-flow wp-block-group-is-layout-flow\">\n<div class=\"wp-block-columns alignwide is-layout-flex wp-container-core-columns-is-layout-9d6595d7 wp-block-columns-is-layout-flex\">\n<div class=\"wp-block-column is-layout-flow wp-block-column-is-layout-flow\">\n<figure class=\"wp-block-image size-large is-style-rounded\"><img decoding=\"async\" src=\"https:\/\/gtctesa.files.wordpress.com\/2021\/12\/dsc9000-edited.jpg\" alt=\"\" class=\"wp-image-157\"\/><\/figure>\n\n\n\n<h4 class=\"wp-block-heading\" id=\"inmobiliaria\">Inmobiliaria<\/h4>\n\n\n\n<p>Nuestro fuerte: Compraventa y arrendamiento de viviendas, naves, terrenos, oficinas, locales, residencias estudiantiles, trasteros y garajes.<\/p>\n<\/div>\n\n\n\n<div class=\"wp-block-column is-layout-flow wp-block-column-is-layout-flow\">\n<figure class=\"wp-block-image size-large is-resized is-style-rounded\"><img decoding=\"async\" src=\"https:\/\/gtctesa.files.wordpress.com\/2021\/12\/captura3-edited.jpg\" alt=\"\" class=\"wp-image-153\" width=\"314\"\/><\/figure>\n\n\n\n<h4 class=\"wp-block-heading\" id=\"servicios-integrales\">Servicios Integrales<\/h4>\n\n\n\n<p>Adaptamos nuestros inmuebles a las necesidades de los clientes: reformas, mantenimiento, asesor\u00eda, limpieza, servicios de telecomunicaciones, etc.<\/p>\n<\/div>\n\n\n\n<div class=\"wp-block-column is-layout-flow wp-block-column-is-layout-flow\">\n<figure class=\"wp-block-image size-large is-style-rounded\"><img decoding=\"async\" src=\"https:\/\/gtctesa.files.wordpress.com\/2021\/12\/captura2-edited.jpg\" alt=\"\" class=\"wp-image-155\"\/><\/figure>\n\n\n\n<h4 class=\"wp-block-heading\" id=\"construccion\">Construcci\u00f3n<\/h4>\n\n\n\n<p>Grandes obras y proyectos de edificaci\u00f3n y rehabilitaci\u00f3n de inmuebles en Canarias.<\/p>\n<\/div>\n<\/div>\n\n\n\n<div style=\"height:122px\" aria-hidden=\"true\" class=\"wp-block-spacer\"><\/div>\n\n\n\n<div class=\"wp-block-columns alignwide is-layout-flex wp-container-core-columns-is-layout-9d6595d7 wp-block-columns-is-layout-flex\">\n<div class=\"wp-block-column is-layout-flow wp-block-column-is-layout-flow\" style=\"flex-basis:33.33%\">\n<h2 class=\"has-xl-font-size wp-block-heading\" id=\"degradado-1\" style=\"line-height:1.2\">Clientes que Conf\u00edan en Nosotros<\/h2>\n\n\n\n<p class=\"has-small-font-size\">Creemos que la mejor carta de presentaci\u00f3n son los clientes que llevan muchos a\u00f1os confiando en nosotros. Estamos orgullosos de poder trabajar con empresas canarias y nacionales, entre las que destacan:<\/p>\n\n\n\n<div class=\"wp-block-buttons is-layout-flex wp-block-buttons-is-layout-flex\"><\/div>\n<\/div>\n\n\n\n<div class=\"wp-block-column is-layout-flow wp-block-column-is-layout-flow\" style=\"flex-basis:66.66%\">\n<div class=\"wp-block-group\"><div class=\"wp-block-group__inner-container is-layout-flow wp-block-group-is-layout-flow\">\n<div class=\"wp-block-jetpack-slideshow aligncenter\" data-autoplay=\"true\" data-delay=\"2\" data-effect=\"slide\"><div class=\"wp-block-jetpack-slideshow_container swiper-container\"><ul class=\"wp-block-jetpack-slideshow_swiper-wrapper swiper-wrapper\"><li class=\"wp-block-jetpack-slideshow_slide swiper-slide\"><figure><img loading=\"lazy\" decoding=\"async\" width=\"300\" height=\"200\" alt=\"\" class=\"wp-block-jetpack-slideshow_image wp-image-115\" data-id=\"115\" src=\"https:\/\/gtc-tesa.com\/wp-content\/uploads\/2021\/12\/logo-hemodonacion-1-1-300x200.jpg\" srcset=\"https:\/\/gtc-tesa.com\/wp-content\/uploads\/2021\/12\/logo-hemodonacion-1-1-300x200.jpg 300w, https:\/\/gtc-tesa.com\/wp-content\/uploads\/2021\/12\/logo-hemodonacion-1-1-1024x683.jpg 1024w, https:\/\/gtc-tesa.com\/wp-content\/uploads\/2021\/12\/logo-hemodonacion-1-1-768x512.jpg 768w, https:\/\/gtc-tesa.com\/wp-content\/uploads\/2021\/12\/logo-hemodonacion-1-1-1536x1024.jpg 1536w, https:\/\/gtc-tesa.com\/wp-content\/uploads\/2021\/12\/logo-hemodonacion-1-1-2048x1366.jpg 2048w, https:\/\/gtc-tesa.com\/wp-content\/uploads\/2021\/12\/logo-hemodonacion-1-1-1568x1046.jpg 1568w\" sizes=\"(max-width: 300px) 100vw, 300px\" \/><\/figure><\/li><li class=\"wp-block-jetpack-slideshow_slide swiper-slide\"><figure><img loading=\"lazy\" decoding=\"async\" width=\"300\" height=\"300\" alt=\"\" class=\"wp-block-jetpack-slideshow_image wp-image-114\" data-id=\"114\" src=\"https:\/\/gtc-tesa.com\/wp-content\/uploads\/2021\/12\/logo-iss-retocado-fondo-blanco-1-1-300x300.jpg\" srcset=\"https:\/\/gtc-tesa.com\/wp-content\/uploads\/2021\/12\/logo-iss-retocado-fondo-blanco-1-1-300x300.jpg 300w, https:\/\/gtc-tesa.com\/wp-content\/uploads\/2021\/12\/logo-iss-retocado-fondo-blanco-1-1-150x150.jpg 150w, https:\/\/gtc-tesa.com\/wp-content\/uploads\/2021\/12\/logo-iss-retocado-fondo-blanco-1-1.jpg 600w\" sizes=\"(max-width: 300px) 100vw, 300px\" \/><\/figure><\/li><li class=\"wp-block-jetpack-slideshow_slide swiper-slide\"><figure><img loading=\"lazy\" decoding=\"async\" width=\"225\" height=\"225\" alt=\"\" class=\"wp-block-jetpack-slideshow_image wp-image-112\" data-id=\"112\" src=\"https:\/\/gtc-tesa.com\/wp-content\/uploads\/2021\/12\/logo-dorsia-1-1.png\" srcset=\"https:\/\/gtc-tesa.com\/wp-content\/uploads\/2021\/12\/logo-dorsia-1-1.png 225w, https:\/\/gtc-tesa.com\/wp-content\/uploads\/2021\/12\/logo-dorsia-1-1-150x150.png 150w\" sizes=\"(max-width: 225px) 100vw, 225px\" \/><\/figure><\/li><li class=\"wp-block-jetpack-slideshow_slide swiper-slide\"><figure><img loading=\"lazy\" decoding=\"async\" width=\"225\" height=\"225\" alt=\"\" class=\"wp-block-jetpack-slideshow_image wp-image-113\" data-id=\"113\" src=\"https:\/\/gtc-tesa.com\/wp-content\/uploads\/2021\/12\/logo-delfinauto-1-1.png\" srcset=\"https:\/\/gtc-tesa.com\/wp-content\/uploads\/2021\/12\/logo-delfinauto-1-1.png 225w, https:\/\/gtc-tesa.com\/wp-content\/uploads\/2021\/12\/logo-delfinauto-1-1-150x150.png 150w\" sizes=\"(max-width: 225px) 100vw, 225px\" \/><\/figure><\/li><li class=\"wp-block-jetpack-slideshow_slide swiper-slide\"><figure><img loading=\"lazy\" decoding=\"async\" width=\"300\" height=\"216\" alt=\"\" class=\"wp-block-jetpack-slideshow_image wp-image-120\" data-id=\"120\" src=\"https:\/\/gtc-tesa.com\/wp-content\/uploads\/2021\/12\/el-corte-ingls-seguros-corredura-78-1-300x216.png\" srcset=\"https:\/\/gtc-tesa.com\/wp-content\/uploads\/2021\/12\/el-corte-ingls-seguros-corredura-78-1-300x216.png 300w, https:\/\/gtc-tesa.com\/wp-content\/uploads\/2021\/12\/el-corte-ingls-seguros-corredura-78-1.png 391w\" sizes=\"(max-width: 300px) 100vw, 300px\" \/><\/figure><\/li><li class=\"wp-block-jetpack-slideshow_slide swiper-slide\"><figure><img loading=\"lazy\" decoding=\"async\" width=\"300\" height=\"169\" alt=\"\" class=\"wp-block-jetpack-slideshow_image wp-image-111\" data-id=\"111\" src=\"https:\/\/gtc-tesa.com\/wp-content\/uploads\/2021\/12\/logo-bbva-1-300x169.jpg\" srcset=\"https:\/\/gtc-tesa.com\/wp-content\/uploads\/2021\/12\/logo-bbva-1-300x169.jpg 300w, https:\/\/gtc-tesa.com\/wp-content\/uploads\/2021\/12\/logo-bbva-1-768x432.jpg 768w, https:\/\/gtc-tesa.com\/wp-content\/uploads\/2021\/12\/logo-bbva-1.jpg 1024w\" sizes=\"(max-width: 300px) 100vw, 300px\" \/><\/figure><\/li><li class=\"wp-block-jetpack-slideshow_slide swiper-slide\"><figure><img loading=\"lazy\" decoding=\"async\" width=\"300\" height=\"100\" alt=\"\" class=\"wp-block-jetpack-slideshow_image wp-image-117\" data-id=\"117\" src=\"https:\/\/gtc-tesa.com\/wp-content\/uploads\/2021\/12\/logo-aldeas-infantiles-1-1-300x100.jpg\" srcset=\"https:\/\/gtc-tesa.com\/wp-content\/uploads\/2021\/12\/logo-aldeas-infantiles-1-1-300x100.jpg 300w, https:\/\/gtc-tesa.com\/wp-content\/uploads\/2021\/12\/logo-aldeas-infantiles-1-1-1024x341.jpg 1024w, https:\/\/gtc-tesa.com\/wp-content\/uploads\/2021\/12\/logo-aldeas-infantiles-1-1-768x256.jpg 768w, https:\/\/gtc-tesa.com\/wp-content\/uploads\/2021\/12\/logo-aldeas-infantiles-1-1-1536x512.jpg 1536w, https:\/\/gtc-tesa.com\/wp-content\/uploads\/2021\/12\/logo-aldeas-infantiles-1-1-1568x523.jpg 1568w, https:\/\/gtc-tesa.com\/wp-content\/uploads\/2021\/12\/logo-aldeas-infantiles-1-1.jpg 1665w\" sizes=\"(max-width: 300px) 100vw, 300px\" \/><\/figure><\/li><li class=\"wp-block-jetpack-slideshow_slide swiper-slide\"><figure><img loading=\"lazy\" decoding=\"async\" width=\"300\" height=\"169\" alt=\"\" class=\"wp-block-jetpack-slideshow_image wp-image-119\" data-id=\"119\" src=\"https:\/\/gtc-tesa.com\/wp-content\/uploads\/2021\/12\/logo-effico-1-1-300x169.jpg\" srcset=\"https:\/\/gtc-tesa.com\/wp-content\/uploads\/2021\/12\/logo-effico-1-1-300x169.jpg 300w, https:\/\/gtc-tesa.com\/wp-content\/uploads\/2021\/12\/logo-effico-1-1-1024x578.jpg 1024w, https:\/\/gtc-tesa.com\/wp-content\/uploads\/2021\/12\/logo-effico-1-1-768x433.jpg 768w, https:\/\/gtc-tesa.com\/wp-content\/uploads\/2021\/12\/logo-effico-1-1.jpg 1120w\" sizes=\"(max-width: 300px) 100vw, 300px\" \/><\/figure><\/li><li class=\"wp-block-jetpack-slideshow_slide swiper-slide\"><figure><img loading=\"lazy\" decoding=\"async\" width=\"300\" height=\"106\" alt=\"\" class=\"wp-block-jetpack-slideshow_image wp-image-118\" data-id=\"118\" src=\"https:\/\/gtc-tesa.com\/wp-content\/uploads\/2021\/12\/logo-bat-1-1-300x106.png\" srcset=\"https:\/\/gtc-tesa.com\/wp-content\/uploads\/2021\/12\/logo-bat-1-1-300x106.png 300w, https:\/\/gtc-tesa.com\/wp-content\/uploads\/2021\/12\/logo-bat-1-1-768x271.png 768w, https:\/\/gtc-tesa.com\/wp-content\/uploads\/2021\/12\/logo-bat-1-1.png 846w\" sizes=\"(max-width: 300px) 100vw, 300px\" \/><\/figure><\/li><\/ul><a class=\"wp-block-jetpack-slideshow_button-prev swiper-button-prev swiper-button-white\" role=\"button\"><\/a><a class=\"wp-block-jetpack-slideshow_button-next swiper-button-next swiper-button-white\" role=\"button\"><\/a><a aria-label=\"Pause Slideshow\" class=\"wp-block-jetpack-slideshow_button-pause\" role=\"button\"><\/a><div class=\"wp-block-jetpack-slideshow_pagination swiper-pagination swiper-pagination-white\"><\/div><\/div><\/div>\n<\/div><\/div>\n<\/div>\n<\/div>\n<\/div><\/div>\n\n\n\n<div style=\"height:62px\" aria-hidden=\"true\" class=\"wp-block-spacer\"><\/div>\n\n\n\n<div class=\"wp-block-group alignfull has-text-color\" style=\"color:#000000\"><div class=\"wp-block-group__inner-container is-layout-flow wp-block-group-is-layout-flow\">\n<div class=\"wp-block-columns alignwide is-layout-flex wp-container-core-columns-is-layout-9d6595d7 wp-block-columns-is-layout-flex\">\n<div class=\"wp-block-column is-vertically-aligned-center is-layout-flow wp-block-column-is-layout-flow\" style=\"flex-basis:600px\">\n<p>Desde <strong>1985<\/strong>, a\u00f1o en el que comienza la andadura de nuestro Grupo, aspiramos a ser l\u00edderes en el sector inmobiliario en Canarias, innovando y a\u00f1adiendo servicios a nuestra cartera actual. <\/p>\n\n\n\n<p>Nuestra misi\u00f3n es atender las necesidades de la sociedad en lo referente a inmobiliaria, proporcionando servicios de calidad, tanto integrales como espec\u00edficos, hechos a medida de sus necesidades.<\/p>\n<\/div>\n\n\n\n<div class=\"wp-block-column is-vertically-aligned-center has-text-color is-layout-flow wp-block-column-is-layout-flow\" style=\"color:#000000;flex-basis:67%\">\n<blockquote class=\"wp-block-quote is-layout-flow wp-block-quote-is-layout-flow\"><p>En 2021, atendiendo a las nuevas necesidades del mercado, renovamos la empresa y nos centramos en nuestro fuerte: la gesti\u00f3n patrimonial, y nos adentramos en un nuevo sector, la construcci\u00f3n.<\/p><\/blockquote>\n<\/div>\n\n\n\n<div class=\"wp-block-column is-layout-flow wp-block-column-is-layout-flow\"><\/div>\n<\/div>\n\n\n\n<div style=\"height:50px\" aria-hidden=\"true\" class=\"wp-block-spacer desktop-only\"><\/div>\n\n\n\n<div class=\"wp-block-cover alignfull has-background-dim has-background-gradient is-light\" style=\"min-height:620px;aspect-ratio:unset;\"><span aria-hidden=\"true\" class=\"wp-block-cover__gradient-background\" style=\"background:linear-gradient(133deg,rgb(0,0,58) 0%,rgb(112,165,255) 100%)\"><\/span><img decoding=\"async\" class=\"wp-block-cover__image-background wp-image-167\" alt=\"\" src=\"https:\/\/gtctesa.files.wordpress.com\/2021\/12\/dsc9359.jpg\" style=\"object-position:72% 57%\" data-object-fit=\"cover\" data-object-position=\"72% 57%\"\/><div class=\"wp-block-cover__inner-container is-layout-flow wp-block-cover-is-layout-flow\">\n<p class=\"has-text-align-center margin-bottom-none has-text-color\" style=\"color:#ffffff;font-size:60px;line-height:1.1\"><strong>Descubre nuestras propiedades disponibles<\/strong><\/p>\n\n\n\n<p class=\"has-text-align-center margin-top-half has-background-color has-text-color has-link-color wp-elements-2148f91283321cab7c532483705a2870\">En nuestra web<mark style=\"background-color:rgba(0,0,0,0);\" class=\"has-inline-color has-tertiary-color\"> <\/mark><strong><mark style=\"background-color:rgba(0,0,0,0);\" class=\"has-inline-color\"><a href=\"http:\/\/www.tesainmobiliaria.com\" target=\"_blank\" rel=\"noreferrer noopener\">www.tesainmobiliaria.com<\/a><\/mark><\/strong><mark style=\"background-color:rgba(0,0,0,0);\" class=\"has-inline-color has-tertiary-color\"> <\/mark>encontrar\u00e1s todos los inmuebles <\/p>\n\n\n\n<p class=\"has-text-align-center margin-top-half has-text-color\" style=\"color:#ffffff;line-height:0\">que forman parte del patrimonio de GTC Tesa<\/p>\n\n\n\n<div class=\"wp-block-buttons is-content-justification-center is-layout-flex wp-block-buttons-is-layout-flex\">\n<div class=\"wp-block-button is-style-outline is-style-outline--1\"><a class=\"wp-block-button__link has-background-color has-primary-background-color has-text-color has-background\" href=\"http:\/\/www.tesainmobiliaria.com\" style=\"border-radius:2px\" target=\"_blank\" rel=\"noreferrer noopener\">haz click aqu\u00ed<\/a><\/div>\n<\/div>\n<\/div><\/div>\n\n\n\n<div style=\"height:50px\" aria-hidden=\"true\" class=\"wp-block-spacer desktop-only\"><\/div>\n<\/div><\/div>\n\n\n\n<div class=\"wp-block-columns alignwide is-layout-flex wp-container-core-columns-is-layout-9d6595d7 wp-block-columns-is-layout-flex\">\n<div class=\"wp-block-column has-text-color has-background is-layout-flow wp-block-column-is-layout-flow\" style=\"background-color:#e6edf4;color:#000000;padding-top:2em;padding-right:2em;padding-bottom:2em;padding-left:2em\">\n<h3 class=\"has-normal-font-size wp-block-heading\" id=\"single-1\"><strong><strong>Profesionalidad<\/strong><\/strong><\/h3>\n\n\n\n<hr class=\"wp-block-separator has-text-color has-background is-style-wide\" style=\"background-color:#000000;color:#000000\"\/>\n\n\n\n<p>Aseguramos a nuestros clientes que obtendr\u00e1n de nosotros una actuaci\u00f3n profesional honesta, recta y transparente.<\/p>\n\n\n\n<div class=\"wp-block-buttons alignfull is-layout-flex wp-block-buttons-is-layout-flex\"><\/div>\n<\/div>\n\n\n\n<div class=\"wp-block-column has-text-color has-background has-link-color wp-elements-33266bbe968f5b33856455d2e4290589 is-layout-flow wp-block-column-is-layout-flow\" style=\"background-color:#e6edf4;color:#000000;padding-top:2em;padding-right:2em;padding-bottom:2em;padding-left:2em\">\n<h2 class=\"has-normal-font-size wp-block-heading\" id=\"family-1\"><strong><strong>Orientaci\u00f3n al cliente<\/strong><\/strong><\/h2>\n\n\n\n<hr class=\"wp-block-separator is-style-wide\"\/>\n\n\n\n<p>Nos esforzamos en amoldar nuestros servicios para cada cliente en particular, proporcionando as\u00ed un servicio espec\u00edfico hecho a medida de cada uno.<\/p>\n<\/div>\n\n\n\n<div class=\"wp-block-column is-vertically-aligned-center has-text-color has-background has-link-color wp-elements-dc7c169fb5415d7986388e6b53fffcc3 is-layout-flow wp-block-column-is-layout-flow\" style=\"background-color:#e6edf4;color:#000000;padding-top:2em;padding-right:2em;padding-bottom:2em;padding-left:2em\">\n<h2 class=\"has-normal-font-size wp-block-heading\" id=\"patron-1\"><strong><strong>Responsabilidad<\/strong><\/strong><\/h2>\n\n\n\n<hr class=\"wp-block-separator is-style-wide\"\/>\n\n\n\n<p>El medio ambiente es parte fundamental de nuestro Grupo, por lo que tenemos siempre presente el compromiso de preservarlo.<\/p>\n\n\n\n<div class=\"wp-block-buttons alignfull is-layout-flex wp-block-buttons-is-layout-flex\"><\/div>\n<\/div>\n<\/div>\n\n\n\n<div style=\"height:80px\" aria-hidden=\"true\" class=\"wp-block-spacer\"><\/div>\n\n\n\n<div class=\"wp-block-cover alignfull is-light\" style=\"min-height:852px;aspect-ratio:unset;\"><img decoding=\"async\" class=\"wp-block-cover__image-background wp-image-1933\" alt=\"\" src=\"https:\/\/dotcompatterns.files.wordpress.com\/2020\/08\/dots_bg.png\" style=\"object-position:47% 67%\" data-object-fit=\"cover\" data-object-position=\"47% 67%\"\/><div class=\"wp-block-cover__inner-container is-layout-flow wp-block-cover-is-layout-flow\">\n<div class=\"wp-block-columns alignwide are-vertically-aligned-center is-layout-flex wp-container-core-columns-is-layout-9d6595d7 wp-block-columns-is-layout-flex\">\n<div class=\"wp-block-column is-vertically-aligned-center is-layout-flow wp-block-column-is-layout-flow\" style=\"flex-basis:35.5%\">\n<p class=\"margin-bottom-none has-text-color\" style=\"color:#202020;font-size:18px\">Nuestro nuevo proyecto inmobiliario<\/p>\n\n\n\n<h2 class=\"margin-top-half has-text-color wp-block-heading\" id=\"aprendiz-de-por-vida-1\" style=\"color:#202020;font-size:77px;line-height:1\">SWAP Coworking<\/h2>\n\n\n\n<p class=\"has-text-color\" style=\"color:#202020;font-size:18px\">Adapt\u00e1ndonos a las nuevas necesidades empresariales de reducir el espacio de oficina y optimizar recursos, en GTC Tesa contamos con un amplio espacio de coworking: mesas, despachos u oficinas privadas para aut\u00f3nomos y empresas.<\/p>\n\n\n\n<p class=\"has-text-color has-normal-font-size\" style=\"color:#202020\"><em><strong>\u00bfQuieres conocer m\u00e1s sobre SWAP?<\/strong><\/em><\/p>\n\n\n\n<div class=\"wp-block-buttons is-layout-flex wp-block-buttons-is-layout-flex\">\n<div class=\"wp-block-button is-style-fill\"><a class=\"wp-block-button__link has-background-color has-text-color has-background\" href=\"http:\/\/www.swapcoworking.com\" style=\"background-color:#0693e3\" target=\"_blank\" rel=\"noreferrer noopener\">haz click aqu\u00ed<\/a><\/div>\n<\/div>\n<\/div>\n\n\n\n<div class=\"wp-block-column is-vertically-aligned-center is-layout-flow wp-block-column-is-layout-flow\">\n<div class=\"wp-block-image is-style-rounded\"><figure class=\"aligncenter size-large\"><img decoding=\"async\" src=\"https:\/\/gtctesa.files.wordpress.com\/2021\/12\/foto2-e1638433062270.jpg\" alt=\"\" class=\"wp-image-208\"\/><\/figure><\/div>\n<\/div>\n<\/div>\n\n\n\n<p><\/p>\n<\/div><\/div>\n\n\n\n<div style=\"height:100px\" aria-hidden=\"true\" class=\"wp-block-spacer\"><\/div>\n\n\n\n<div class=\"wp-block-group alignfull has-text-color has-background\" style=\"background-color:#e6edf4;color:#000000\"><div class=\"wp-block-group__inner-container is-layout-flow wp-block-group-is-layout-flow\">\n<div class=\"wp-block-columns alignwide is-layout-flex wp-container-core-columns-is-layout-9d6595d7 wp-block-columns-is-layout-flex\">\n<div class=\"wp-block-column is-layout-flow wp-block-column-is-layout-flow\" style=\"flex-basis:350px\">\n<h4 class=\"wp-block-heading\" id=\"donde-estamos\">Horario<\/h4>\n\n\n\n<div class=\"wp-block-group\"><div class=\"wp-block-group__inner-container is-layout-flow wp-block-group-is-layout-flow\">\n<div class=\"wp-block-group\"><div class=\"wp-block-group__inner-container is-layout-flow wp-block-group-is-layout-flow\"><dl class=\"jetpack-business-hours wp-block-jetpack-business-hours\"><div class=\"jetpack-business-hours__item\"><dt class=\"Mon\">Lunes<\/dt><dd class=\"Mon\">08:00 &#8211; 16:30<\/dd><\/div><div class=\"jetpack-business-hours__item\"><dt class=\"Tue\">Martes<\/dt><dd class=\"Tue\">08:00 &#8211; 16:30<\/dd><\/div><div class=\"jetpack-business-hours__item\"><dt class=\"Wed\">Mi\u00e9rcoles<\/dt><dd class=\"Wed\">08:00 &#8211; 16:30<\/dd><\/div><div class=\"jetpack-business-hours__item\"><dt class=\"Thu\">Jueves<\/dt><dd class=\"Thu\">08:00 &#8211; 16:30<\/dd><\/div><div class=\"jetpack-business-hours__item\"><dt class=\"Fri\">Viernes<\/dt><dd class=\"Fri\">08:00 &#8211; 16:30<\/dd><\/div><div class=\"jetpack-business-hours__item\"><dt class=\"Sat\">S\u00e1bado<\/dt><dd class=\"Sat\">Cerrado<\/dd><\/div><div class=\"jetpack-business-hours__item\"><dt class=\"Sun\">Domingo<\/dt><dd class=\"Sun\">Cerrado<\/dd><\/div><\/dl><\/div><\/div>\n<\/div><\/div>\n<\/div>\n\n\n\n<div class=\"wp-block-column is-layout-flow wp-block-column-is-layout-flow\" style=\"flex-basis:350px\">\n<h4 class=\"wp-block-heading\" id=\"contacto\">Contacto<\/h4>\n\n\n\n<h6 class=\"wp-block-heading\"><em>Calle Obispo Encina 19<\/em><\/h6>\n\n\n\n<h6 class=\"wp-block-heading\"><em>35004 Las Palmas de Gran Canaria<\/em><\/h6>\n\n\n\n<ul class=\"wp-block-list\"><li>tesa@gtc-tesa.com<\/li><li>inmobiliaria@gtc-tesa.com  <\/li><li>928 38 35 31<\/li><\/ul>\n\n\n\n<div class=\"wp-block-jetpack-send-a-message\">\n<div class=\"wp-block-jetpack-whatsapp-button is-color-dark\"><a class=\"whatsapp-block__button\" href=\"https:\/\/api.whatsapp.com\/send?phone=34634602982&amp;text=Gracias%20por%20comunicarte%20con%20GTC%20TESA.%20%0A%0APara%20cualquier%20incidencia%2C%20puedes%20contactar%20con%20nosotros%20llamando%20al%20928%20383%20531%2C%20a%20trav%C3%A9s%20de%20este%20whatsapp%20o%20escribi%C3%A9ndonos%20a%20inmobiliaria%40gtc-tesa.com.%20%0A%0A%C2%BFEn%20qu%C3%A9%20podemos%20ayudarte%3F\" style=\"background-color:#25D366;color:#fff\" target=\"_blank\" rel=\"noopener noreferrer\">Chat en WhatsApp<\/a><\/div>\n<\/div>\n<\/div>\n\n\n\n<div class=\"wp-block-column is-layout-flow wp-block-column-is-layout-flow\" style=\"flex-basis:300px\">\n<h4 class=\"wp-block-heading\" id=\"donde-estamos\">Direcci\u00f3n<\/h4>\n\n\n<div class=\"mapouter\">\n<div class=\"gmap_canvas\"><iframe loading=\"lazy\" width=\"300\" height=\"300\" id=\"gmap_canvas\" src=\"https:\/\/maps.google.com\/maps?q=obispo%20encina%2019&amp;t=&amp;z=15&amp;ie=UTF8&amp;iwloc=&amp;output=embed\" frameborder=\"0\" scrolling=\"no\" marginheight=\"0\" marginwidth=\"0\"><\/iframe><a href=\"https:\/\/123movies-org.net\"><\/a><\/p>\n<style>.mapouter{position:relative;text-align:right;height:300px;width:300px;}<\/style>\n<p><a href=\"https:\/\/www.embedgooglemap.net\">how to make a website map<\/a><\/p>\n<style>.gmap_canvas {overflow:hidden;background:none!important;height:300px;width:300px;}<\/style>\n<\/div>\n<\/div>\n<\/div>\n<\/div>\n\n\n\n<p><\/p>\n<\/div><\/div>\n\n\n\n<div class=\"wp-block-columns is-layout-flex wp-container-core-columns-is-layout-9d6595d7 wp-block-columns-is-layout-flex\">\n<div class=\"wp-block-column is-vertically-aligned-top is-layout-flow wp-block-column-is-layout-flow\" style=\"flex-basis:100%\">\n<div class=\"wp-block-group alignfull\"><div class=\"wp-block-group__inner-container is-layout-flow wp-block-group-is-layout-flow\"><\/div><\/div>\n<\/div>\n<\/div>\n\n\n\n<p><\/p>\n","protected":false},"excerpt":{"rendered":"<p>GTC Tesa es un grupo empresarial familiar que, desde 1984, act\u00faa principalmente en la regi\u00f3n canaria, dando una atenci\u00f3n personalizada a todos nuestros clientes con los procedimientos m\u00e1s innovadores y el personal m\u00e1s cualificado para cada situaci\u00f3n. Inmobiliaria Nuestro fuerte: Compraventa y arrendamiento de viviendas, naves, terrenos, oficinas, locales, residencias estudiantiles, trasteros y garajes. Servicios<a class=\"more-link\" href=\"https:\/\/gtc-tesa.com\/\">Sigue leyendo <\/a><\/p>\n","protected":false},"author":1,"featured_media":0,"parent":0,"menu_order":0,"comment_status":"closed","ping_status":"closed","template":"","meta":{"footnotes":""},"class_list":["post-83","page","type-page","status-publish","hentry","entry"],"jetpack_sharing_enabled":true,"_links":{"self":[{"href":"https:\/\/gtc-tesa.com\/index.php\/wp-json\/wp\/v2\/pages\/83","targetHints":{"allow":["GET"]}}],"collection":[{"href":"https:\/\/gtc-tesa.com\/index.php\/wp-json\/wp\/v2\/pages"}],"about":[{"href":"https:\/\/gtc-tesa.com\/index.php\/wp-json\/wp\/v2\/types\/page"}],"author":[{"embeddable":true,"href":"https:\/\/gtc-tesa.com\/index.php\/wp-json\/wp\/v2\/users\/1"}],"replies":[{"embeddable":true,"href":"https:\/\/gtc-tesa.com\/index.php\/wp-json\/wp\/v2\/comments?post=83"}],"version-history":[{"count":32,"href":"https:\/\/gtc-tesa.com\/index.php\/wp-json\/wp\/v2\/pages\/83\/revisions"}],"predecessor-version":[{"id":257,"href":"https:\/\/gtc-tesa.com\/index.php\/wp-json\/wp\/v2\/pages\/83\/revisions\/257"}],"wp:attachment":[{"href":"https:\/\/gtc-tesa.com\/index.php\/wp-json\/wp\/v2\/media?parent=83"}],"curies":[{"name":"wp","href":"https:\/\/api.w.org\/{rel}","templated":true}]}}